{"id":43853,"date":"2024-11-11T16:46:51","date_gmt":"2024-11-11T15:46:51","guid":{"rendered":"https:\/\/www.cfjustice.org\/contact\/"},"modified":"2024-11-11T16:46:54","modified_gmt":"2024-11-11T15:46:54","slug":"contact","status":"publish","type":"page","link":"https:\/\/www.cfjustice.org\/fr\/contact\/","title":{"rendered":"Contact"},"content":{"rendered":"<!--themify_builder_content-->\n<div id=\"themify_builder_content-43853\" data-postid=\"43853\" class=\"themify_builder_content themify_builder_content-43853 themify_builder tf_clear\">\n                    <div  data-css_id=\"g6vy114\" data-lazy=\"1\" class=\"module_row themify_builder_row fullwidth_row_container tb_g6vy114 tb_first tf_w\">\n                        <div class=\"row_inner col_align_top tb_col_count_1 tf_box tf_rel\">\n                        <div  data-lazy=\"1\" class=\"module_column tb-column col-full tb_x3a2117 first\">\n        <span  class=\"builder_row_cover tf_abs\" data-lazy=\"1\"><\/span>            <!-- module text -->\n<div  class=\"module module-text tb_v7ec117   \" data-lazy=\"1\">\n        <div  class=\"tb_text_wrap\">\n        <p><iframe loading=\"lazy\" src=\"https:\/\/app.smartsheet.com\/b\/form\/410a750b3c7c478ab6566ed13824f1a3\" width=\"700\" height=\"600\"><\/iframe><\/p>    <\/div>\n<\/div>\n<!-- \/module text -->        <\/div>\n                        <\/div>\n        <\/div>\n                        <div  data-css_id=\"d59ada2\" data-lazy=\"1\" class=\"module_row themify_builder_row fullwidth tb_d59ada2 tf_w\">\n                        <div class=\"row_inner col_align_top tb_col_count_1 tf_box tf_rel\">\n                        <div  data-lazy=\"1\" class=\"module_column tb-column col-full tb_ac30de8 first\">\n                            <\/div>\n                        <\/div>\n        <\/div>\n                        <div  data-lazy=\"1\" class=\"module_row themify_builder_row tb_qh0891 tf_w\">\n                        <div class=\"row_inner col_align_top tb_col_count_2 tf_box tf_rel\">\n                        <div  data-lazy=\"1\" class=\"module_column tb-column col4-2 tb_736192 first\">\n                    <!-- module text -->\n<div  class=\"module module-text tb_px1x953   \" data-lazy=\"1\">\n        <div  class=\"tb_text_wrap\">\n        <h2>Geneva Office<\/h2><div><blockquote><p><span style=\"font-family: din-next-lt-arabic-regular;\">7 chemin de Balexert, Ch\u00e2telaine,<br><\/span><span style=\"font-family: din-next-lt-arabic-regular;\">1219 Geneva, Switzerland.<br><br><\/span><span style=\"font-family: din-next-lt-arabic-regular;\">Tel: <a href=\"tel:00412294035038\" target=\"_blank\" rel=\"noopener noreferrer\" data-auth=\"NotApplicable\" data-linkindex=\"4\" data-ogsc=\"black\">+41 22 940 35 38<\/a><\/span><\/p><p>E-Mail: <a href=\"mailto:info@cfjustice.org\">info@cfjustice.org<\/a><\/p><\/blockquote><\/div>    <\/div>\n<\/div>\n<!-- \/module text -->        <\/div>\n                    <div  data-lazy=\"1\" class=\"module_column tb-column col4-2 tb_ihmd170 last\">\n                    <!-- module plain text -->\n<div  class=\"module module-plain-text tb_156r205 \" data-lazy=\"1\">\n        <div class=\"tb_text_wrap\">\n    <iframe loading=\"lazy\" src=\"https:\/\/www.google.com\/maps\/embed?pb=!1m18!1m12!1m3!1d2760.817559591218!2d6.109005015582725!3d46.21408417911696!2m3!1f0!2f0!3f0!3m2!1i1024!2i768!4f13.1!3m3!1m2!1s0x478c64bc995618cb%3A0x3a844b3e8ec48236!2sChemin%20de%20Balexert%207%2C%201219%20Vernier%2C%20Switzerland!5e0!3m2!1sen!2sse!4v1568206181567!5m2!1sen!2sse\" width=\"600\" height=\"250\" frameborder=\"0\" style=\"border:0;\" allowfullscreen=\"\"><\/iframe>    <\/div>\n<\/div>\n<!-- \/module plain text -->        <\/div>\n                        <\/div>\n        <\/div>\n                        <div  data-lazy=\"1\" class=\"module_row themify_builder_row tb_6g6e153 tf_w\">\n                        <div class=\"row_inner col_align_top tb_col_count_2 tf_box tf_rel\">\n                        <div  data-lazy=\"1\" class=\"module_column tb-column col4-2 tb_sz7v153 first\">\n                    <!-- module text -->\n<div  class=\"module module-text tb_td4e153   \" data-lazy=\"1\">\n        <div  class=\"tb_text_wrap\">\n        <h2>Paris Office<\/h2><div><blockquote><p><span style=\"font-family: din-next-lt-arabic-regular;\">60, rue Fran\u00e7ois 1er,<br>75008 Paris, France.<br><br><\/span><span style=\"font-family: din-next-lt-arabic-regular;\">Tel: <a href=\"tel:0033685035085\">+33 6 85 03 50 85<\/a><\/span><\/p><p>E-Mail: <a href=\"mailto:info@cfjustice.org\">info@cfjustice.org<\/a><\/p><\/blockquote><\/div>    <\/div>\n<\/div>\n<!-- \/module text -->        <\/div>\n                    <div  data-lazy=\"1\" class=\"module_column tb-column col4-2 tb_kucv153 last\">\n                    <!-- module plain text -->\n<div  class=\"module module-plain-text tb_66oe153 \" data-lazy=\"1\">\n        <div class=\"tb_text_wrap\">\n    <iframe src=\"https:\/\/www.google.com\/maps\/embed?pb=!1m18!1m12!1m3!1d2624.3871117068807!2d2.2994480770860113!3d48.869896471333725!2m3!1f0!2f0!3f0!3m2!1i1024!2i768!4f13.1!3m3!1m2!1s0x47e66fc260aad4bf%3A0xea2ec6b3ab78791a!2s60%20Rue%20Fran%C3%A7ois%201er%2C%2075008%20Paris%2C%20France!5e0!3m2!1sen!2suk!4v1711912698416!5m2!1sen!2suk\" width=\"600\" height=\"250\" style=\"border:0;\" allowfullscreen=\"\" loading=\"lazy\" referrerpolicy=\"no-referrer-when-downgrade\"><\/iframe>    <\/div>\n<\/div>\n<!-- \/module plain text -->        <\/div>\n                        <\/div>\n        <\/div>\n                        <div  data-lazy=\"1\" class=\"module_row themify_builder_row tb_85o6137 tf_w\">\n                        <div class=\"row_inner col_align_top tb_col_count_2 tf_box tf_rel\">\n                        <div  data-lazy=\"1\" class=\"module_column tb-column col4-2 tb_vx4o137 first\">\n                    <!-- module text -->\n<div  class=\"module module-text tb_8vu4137   \" data-lazy=\"1\">\n        <div  class=\"tb_text_wrap\">\n        <h2><span data-olk-copy-source=\"MessageBody\">Gambia<\/span> Office<\/h2><div><blockquote><p><span style=\"font-family: din-next-lt-arabic-regular;\"><span data-olk-copy-source=\"MessageBody\">Gambia- Bakau-Newtown- in front of the Independence Stadium Gate<\/span>.<br><br><\/span><span style=\"font-family: din-next-lt-arabic-regular;\">Tel: <a href=\"tel:00220 238 4045\"><span data-olk-copy-source=\"MessageBody\">+220 238 4045<\/span><\/a><\/span><\/p><p>E-Mail: <a href=\"mailto:info@cfjustice.org\">info@cfjustice.org<\/a><\/p><\/blockquote><\/div>    <\/div>\n<\/div>\n<!-- \/module text -->        <\/div>\n                    <div  data-lazy=\"1\" class=\"module_column tb-column col4-2 tb_9mrk137 last\">\n                    <!-- module plain text -->\n<div  class=\"module module-plain-text tb_pret137 \" data-lazy=\"1\">\n        <div class=\"tb_text_wrap\">\n    <iframe src=\"https:\/\/www.google.com\/maps\/embed?pb=!1m18!1m12!1m3!1d970.0169130525738!2d-16.680001071482952!3d13.46992730339168!2m3!1f0!2f0!3f0!3m2!1i1024!2i768!4f13.1!3m3!1m2!1s0xec29b000cc01009%3A0x8aafe8e53bd1aeb7!2sCommittee%20for%20Justice%20(Gambia%20Branch)!5e0!3m2!1sen!2suk!4v1730199773164!5m2!1sen!2suk\" width=\"600\" height=\"250\" style=\"border:0;\" allowfullscreen=\"\" loading=\"lazy\" referrerpolicy=\"no-referrer-when-downgrade\"><\/iframe>    <\/div>\n<\/div>\n<!-- \/module plain text -->        <\/div>\n                        <\/div>\n        <\/div>\n        <\/div>\n<!--\/themify_builder_content-->","protected":false},"excerpt":{"rendered":"<p>Geneva Office 7 chemin de Balexert, Ch\u00e2telaine,1219 Geneva, Switzerland. Tel: +41 22 940 35 38 E-Mail: info@cfjustice.org Paris Office 60, rue Fran\u00e7ois 1er,75008 Paris, France. Tel: +33 6 85 03 [&hellip;]<\/p>\n","protected":false},"author":961,"featured_media":0,"parent":0,"menu_order":0,"comment_status":"closed","ping_status":"closed","template":"","meta":{"_monsterinsights_skip_tracking":false,"_monsterinsights_sitenote_active":false,"_monsterinsights_sitenote_note":"","_monsterinsights_sitenote_category":0,"_price":"","_stock":"","_tribe_ticket_header":"","_tribe_default_ticket_provider":"","_tribe_ticket_capacity":"0","_ticket_start_date":"","_ticket_end_date":"","_tribe_ticket_show_description":"","_tribe_ticket_show_not_going":false,"_tribe_ticket_use_global_stock":"","_tribe_ticket_global_stock_level":"","_global_stock_mode":"","_global_stock_cap":"","_tribe_rsvp_for_event":"","_tribe_ticket_going_count":"","_tribe_ticket_not_going_count":"","_tribe_tickets_list":"[]","_tribe_ticket_has_attendee_info_fields":false,"footnotes":"","_tec_slr_enabled":"","_tec_slr_layout":""},"countries":[],"cases":[],"writer":[],"coalitions":[],"class_list":["post-43853","page","type-page","status-publish","hentry","has-post-title","has-post-date","has-post-category","has-post-tag","has-post-comment","has-post-author",""],"yoast_head":"<!-- This site is optimized with the Yoast SEO plugin v27.4 - https:\/\/yoast.com\/product\/yoast-seo-wordpress\/ -->\n<title>Contact - Committee for Justice<\/title>\n<meta name=\"description\" content=\"Committee for Justice (CFJ) est une association ind\u00e9pendante d\u00e9di\u00e9e \u00e0 la d\u00e9fense des droits de l\u2019homme, bas\u00e9e \u00e0 Gen\u00e8ve, en Suisse. et \u00c9tabli en 2015\" \/>\n<meta name=\"robots\" content=\"index, follow, max-snippet:-1, max-image-preview:large, max-video-preview:-1\" \/>\n<link rel=\"canonical\" href=\"https:\/\/www.cfjustice.org\/fr\/contact\/\" \/>\n<meta property=\"og:locale\" content=\"fr_FR\" \/>\n<meta property=\"og:type\" content=\"article\" \/>\n<meta property=\"og:title\" content=\"Contact - Committee for Justice\" \/>\n<meta property=\"og:description\" content=\"Committee for Justice (CFJ) est une association ind\u00e9pendante d\u00e9di\u00e9e \u00e0 la d\u00e9fense des droits de l\u2019homme, bas\u00e9e \u00e0 Gen\u00e8ve, en Suisse. et \u00c9tabli en 2015\" \/>\n<meta property=\"og:url\" content=\"https:\/\/www.cfjustice.org\/fr\/contact\/\" \/>\n<meta property=\"og:site_name\" content=\"Committee for Justice\" \/>\n<meta property=\"article:publisher\" content=\"https:\/\/www.facebook.com\/cfjusticeorg\" \/>\n<meta property=\"article:modified_time\" content=\"2024-11-11T15:46:54+00:00\" \/>\n<meta name=\"twitter:card\" content=\"summary_large_image\" \/>\n<meta name=\"twitter:site\" content=\"@cfjusticeorg\" \/>\n<script type=\"application\/ld+json\" class=\"yoast-schema-graph\">{\"@context\":\"https:\\\/\\\/schema.org\",\"@graph\":[{\"@type\":\"WebPage\",\"@id\":\"https:\\\/\\\/www.cfjustice.org\\\/fr\\\/contact\\\/\",\"url\":\"https:\\\/\\\/www.cfjustice.org\\\/fr\\\/contact\\\/\",\"name\":\"Contact - Committee for Justice\",\"isPartOf\":{\"@id\":\"https:\\\/\\\/www.cfjustice.org\\\/fr\\\/#website\"},\"datePublished\":\"2024-11-11T15:46:51+00:00\",\"dateModified\":\"2024-11-11T15:46:54+00:00\",\"description\":\"Committee for Justice (CFJ) est une association ind\u00e9pendante d\u00e9di\u00e9e \u00e0 la d\u00e9fense des droits de l\u2019homme, bas\u00e9e \u00e0 Gen\u00e8ve, en Suisse. et \u00c9tabli en 2015\",\"breadcrumb\":{\"@id\":\"https:\\\/\\\/www.cfjustice.org\\\/fr\\\/contact\\\/#breadcrumb\"},\"inLanguage\":\"fr-FR\",\"potentialAction\":[{\"@type\":\"ReadAction\",\"target\":[\"https:\\\/\\\/www.cfjustice.org\\\/fr\\\/contact\\\/\"]}]},{\"@type\":\"BreadcrumbList\",\"@id\":\"https:\\\/\\\/www.cfjustice.org\\\/fr\\\/contact\\\/#breadcrumb\",\"itemListElement\":[{\"@type\":\"ListItem\",\"position\":1,\"name\":\"Home\",\"item\":\"https:\\\/\\\/www.cfjustice.org\\\/fr\\\/\"},{\"@type\":\"ListItem\",\"position\":2,\"name\":\"Contact\"}]},{\"@type\":\"WebSite\",\"@id\":\"https:\\\/\\\/www.cfjustice.org\\\/fr\\\/#website\",\"url\":\"https:\\\/\\\/www.cfjustice.org\\\/fr\\\/\",\"name\":\"Committee for Justice\",\"description\":\"We are working to achieve justice\",\"publisher\":{\"@id\":\"https:\\\/\\\/www.cfjustice.org\\\/fr\\\/#organization\"},\"alternateName\":\"CFJ\",\"potentialAction\":[{\"@type\":\"SearchAction\",\"target\":{\"@type\":\"EntryPoint\",\"urlTemplate\":\"https:\\\/\\\/www.cfjustice.org\\\/fr\\\/?s={search_term_string}\"},\"query-input\":{\"@type\":\"PropertyValueSpecification\",\"valueRequired\":true,\"valueName\":\"search_term_string\"}}],\"inLanguage\":\"fr-FR\"},{\"@type\":\"Organization\",\"@id\":\"https:\\\/\\\/www.cfjustice.org\\\/fr\\\/#organization\",\"name\":\"Committee for Justice\",\"url\":\"https:\\\/\\\/www.cfjustice.org\\\/fr\\\/\",\"logo\":{\"@type\":\"ImageObject\",\"inLanguage\":\"fr-FR\",\"@id\":\"https:\\\/\\\/www.cfjustice.org\\\/fr\\\/#\\\/schema\\\/logo\\\/image\\\/\",\"url\":\"https:\\\/\\\/www.cfjustice.org\\\/wp-content\\\/uploads\\\/2023\\\/10\\\/logo-1.svg\",\"contentUrl\":\"https:\\\/\\\/www.cfjustice.org\\\/wp-content\\\/uploads\\\/2023\\\/10\\\/logo-1.svg\",\"width\":1,\"height\":1,\"caption\":\"Committee for Justice\"},\"image\":{\"@id\":\"https:\\\/\\\/www.cfjustice.org\\\/fr\\\/#\\\/schema\\\/logo\\\/image\\\/\"},\"sameAs\":[\"https:\\\/\\\/www.facebook.com\\\/cfjusticeorg\",\"https:\\\/\\\/x.com\\\/cfjusticeorg\",\"https:\\\/\\\/www.linkedin.com\\\/company\\\/cfjustice\\\/\",\"https:\\\/\\\/www.youtube.com\\\/channel\\\/UCQdBw5-F5Z80xtts8UqRRqQ\",\"https:\\\/\\\/www.instagram.com\\\/cfjusticeorg\"]}]}<\/script>\n<!-- \/ Yoast SEO plugin. -->","yoast_head_json":{"title":"Contact - Committee for Justice","description":"Committee for Justice (CFJ) est une association ind\u00e9pendante d\u00e9di\u00e9e \u00e0 la d\u00e9fense des droits de l\u2019homme, bas\u00e9e \u00e0 Gen\u00e8ve, en Suisse. et \u00c9tabli en 2015","robots":{"index":"index","follow":"follow","max-snippet":"max-snippet:-1","max-image-preview":"max-image-preview:large","max-video-preview":"max-video-preview:-1"},"canonical":"https:\/\/www.cfjustice.org\/fr\/contact\/","og_locale":"fr_FR","og_type":"article","og_title":"Contact - Committee for Justice","og_description":"Committee for Justice (CFJ) est une association ind\u00e9pendante d\u00e9di\u00e9e \u00e0 la d\u00e9fense des droits de l\u2019homme, bas\u00e9e \u00e0 Gen\u00e8ve, en Suisse. et \u00c9tabli en 2015","og_url":"https:\/\/www.cfjustice.org\/fr\/contact\/","og_site_name":"Committee for Justice","article_publisher":"https:\/\/www.facebook.com\/cfjusticeorg","article_modified_time":"2024-11-11T15:46:54+00:00","twitter_card":"summary_large_image","twitter_site":"@cfjusticeorg","schema":{"@context":"https:\/\/schema.org","@graph":[{"@type":"WebPage","@id":"https:\/\/www.cfjustice.org\/fr\/contact\/","url":"https:\/\/www.cfjustice.org\/fr\/contact\/","name":"Contact - Committee for Justice","isPartOf":{"@id":"https:\/\/www.cfjustice.org\/fr\/#website"},"datePublished":"2024-11-11T15:46:51+00:00","dateModified":"2024-11-11T15:46:54+00:00","description":"Committee for Justice (CFJ) est une association ind\u00e9pendante d\u00e9di\u00e9e \u00e0 la d\u00e9fense des droits de l\u2019homme, bas\u00e9e \u00e0 Gen\u00e8ve, en Suisse. et \u00c9tabli en 2015","breadcrumb":{"@id":"https:\/\/www.cfjustice.org\/fr\/contact\/#breadcrumb"},"inLanguage":"fr-FR","potentialAction":[{"@type":"ReadAction","target":["https:\/\/www.cfjustice.org\/fr\/contact\/"]}]},{"@type":"BreadcrumbList","@id":"https:\/\/www.cfjustice.org\/fr\/contact\/#breadcrumb","itemListElement":[{"@type":"ListItem","position":1,"name":"Home","item":"https:\/\/www.cfjustice.org\/fr\/"},{"@type":"ListItem","position":2,"name":"Contact"}]},{"@type":"WebSite","@id":"https:\/\/www.cfjustice.org\/fr\/#website","url":"https:\/\/www.cfjustice.org\/fr\/","name":"Committee for Justice","description":"We are working to achieve justice","publisher":{"@id":"https:\/\/www.cfjustice.org\/fr\/#organization"},"alternateName":"CFJ","potentialAction":[{"@type":"SearchAction","target":{"@type":"EntryPoint","urlTemplate":"https:\/\/www.cfjustice.org\/fr\/?s={search_term_string}"},"query-input":{"@type":"PropertyValueSpecification","valueRequired":true,"valueName":"search_term_string"}}],"inLanguage":"fr-FR"},{"@type":"Organization","@id":"https:\/\/www.cfjustice.org\/fr\/#organization","name":"Committee for Justice","url":"https:\/\/www.cfjustice.org\/fr\/","logo":{"@type":"ImageObject","inLanguage":"fr-FR","@id":"https:\/\/www.cfjustice.org\/fr\/#\/schema\/logo\/image\/","url":"https:\/\/www.cfjustice.org\/wp-content\/uploads\/2023\/10\/logo-1.svg","contentUrl":"https:\/\/www.cfjustice.org\/wp-content\/uploads\/2023\/10\/logo-1.svg","width":1,"height":1,"caption":"Committee for Justice"},"image":{"@id":"https:\/\/www.cfjustice.org\/fr\/#\/schema\/logo\/image\/"},"sameAs":["https:\/\/www.facebook.com\/cfjusticeorg","https:\/\/x.com\/cfjusticeorg","https:\/\/www.linkedin.com\/company\/cfjustice\/","https:\/\/www.youtube.com\/channel\/UCQdBw5-F5Z80xtts8UqRRqQ","https:\/\/www.instagram.com\/cfjusticeorg"]}]}},"ticketed":false,"_links":{"self":[{"href":"https:\/\/www.cfjustice.org\/fr\/wp-json\/wp\/v2\/pages\/43853","targetHints":{"allow":["GET"]}}],"collection":[{"href":"https:\/\/www.cfjustice.org\/fr\/wp-json\/wp\/v2\/pages"}],"about":[{"href":"https:\/\/www.cfjustice.org\/fr\/wp-json\/wp\/v2\/types\/page"}],"author":[{"embeddable":true,"href":"https:\/\/www.cfjustice.org\/fr\/wp-json\/wp\/v2\/users\/961"}],"replies":[{"embeddable":true,"href":"https:\/\/www.cfjustice.org\/fr\/wp-json\/wp\/v2\/comments?post=43853"}],"version-history":[{"count":2,"href":"https:\/\/www.cfjustice.org\/fr\/wp-json\/wp\/v2\/pages\/43853\/revisions"}],"predecessor-version":[{"id":43855,"href":"https:\/\/www.cfjustice.org\/fr\/wp-json\/wp\/v2\/pages\/43853\/revisions\/43855"}],"wp:attachment":[{"href":"https:\/\/www.cfjustice.org\/fr\/wp-json\/wp\/v2\/media?parent=43853"}],"wp:term":[{"taxonomy":"countries","embeddable":true,"href":"https:\/\/www.cfjustice.org\/fr\/wp-json\/wp\/v2\/countries?post=43853"},{"taxonomy":"cases","embeddable":true,"href":"https:\/\/www.cfjustice.org\/fr\/wp-json\/wp\/v2\/cases?post=43853"},{"taxonomy":"writer","embeddable":true,"href":"https:\/\/www.cfjustice.org\/fr\/wp-json\/wp\/v2\/writer?post=43853"},{"taxonomy":"coalitions","embeddable":true,"href":"https:\/\/www.cfjustice.org\/fr\/wp-json\/wp\/v2\/coalitions?post=43853"}],"curies":[{"name":"wp","href":"https:\/\/api.w.org\/{rel}","templated":true}]}}