{"id":43813,"date":"2024-11-10T16:57:28","date_gmt":"2024-11-10T15:57:28","guid":{"rendered":"https:\/\/www.cfjustice.org\/qui-sommes-nous\/"},"modified":"2025-01-19T11:57:49","modified_gmt":"2025-01-19T10:57:49","slug":"qui-sommes-nous","status":"publish","type":"page","link":"https:\/\/www.cfjustice.org\/fr\/qui-sommes-nous\/","title":{"rendered":"Qui sommes-nous"},"content":{"rendered":"<!--themify_builder_content-->\n<div id=\"themify_builder_content-43813\" data-postid=\"43813\" class=\"themify_builder_content themify_builder_content-43813 themify_builder tf_clear\">\n                    <div  data-css_id=\"l47o4\" data-lazy=\"1\" class=\"module_row themify_builder_row fullwidth_row_container tb_l47o4 tb_first tf_w\">\n                        <div class=\"row_inner col_align_top tb_col_count_1 tf_box tf_rel\">\n                        <div  data-lazy=\"1\" class=\"module_column tb-column col-full tb_czf54 first\">\n                            <div  data-lazy=\"1\" class=\"module_subrow themify_builder_sub_row tf_w col_align_middle tb_col_count_2 tb_9ngy4\">\n                <div  data-lazy=\"1\" class=\"module_column sub_column tb_ziaa4 first\">\n                    <!-- module text -->\n<div  class=\"module module-text tb_3h92578   \" data-lazy=\"1\">\n        <div  class=\"tb_text_wrap\">\n        <h2 style=\"text-align: justify;\"><span data-olk-copy-source=\"MessageBody\">Qui sommes-nous<\/span><\/h2>\n<div style=\"text-align: justify;\" data-ogsc=\"rgb(0, 0, 0)\" data-olk-copy-source=\"MessageBody\">Committee for Justice (CFJ) est une association ind\u00e9pendante d\u00e9di\u00e9e \u00e0 la d\u00e9fense des droits de l&rsquo;homme, bas\u00e9e \u00e0 Gen\u00e8ve, en Suisse. \u00c9tabli en 2015 par un groupe diversifi\u00e9 de d\u00e9fenseurs des droits de l&rsquo;homme, le CFJ s&rsquo;engage \u00e0 soutenir les victimes et les d\u00e9fenseurs des droits de l&rsquo;homme vuln\u00e9rables aux violations.<\/div>\n<div style=\"text-align: justify;\" data-ogsc=\"rgb(0, 0, 0)\" data-olk-copy-source=\"MessageBody\">\u00a0<\/div>\n<div style=\"text-align: justify;\" data-ogsc=\"rgb(0, 0, 0)\">Le CFJ s&rsquo;efforce de fournir une \u00e9valuation cr\u00e9dible de la situation des droits de l&rsquo;homme \u00e0 la communaut\u00e9 internationale, aux organisations de la soci\u00e9t\u00e9 civile et aux centres de connaissances. Notre travail se concentre sur l&rsquo;autonomisation des victimes et des d\u00e9fenseurs des droits de l&rsquo;homme, tout en am\u00e9liorant le paysage global des droits de l&rsquo;homme \u00e0 travers la surveillance, la documentation et la pr\u00e9sentation des violations et des d\u00e9veloppements dans les politiques et les pratiques dans les r\u00e9gions o\u00f9 de telles informations font d\u00e9faut.<\/div>\n<div style=\"text-align: justify;\" data-ogsc=\"rgb(0, 0, 0)\">\u00a0<\/div>\n<div style=\"text-align: justify;\" data-ogsc=\"rgb(0, 0, 0)\">\u00c0 travers ses initiatives, le CFJ aspire \u00e0 contribuer aux efforts visant \u00e0 obtenir des r\u00e9parations et \u00e0 rendre justice aux victimes, ainsi qu&rsquo;\u00e0 lutter contre l&rsquo;impunit\u00e9 des auteurs de violations des droits de l&rsquo;homme.<\/div>\n<div style=\"text-align: justify;\" data-ogsc=\"rgb(0, 0, 0)\">\u00a0<\/div>\n<div style=\"text-align: justify;\" data-ogsc=\"rgb(0, 0, 0)\">En 2023, le CFJ a obtenu le statut consultatif aupr\u00e8s du Conseil \u00e9conomique et social des Nations Unies (ECOSOC), suite \u00e0 la recommandation de la Commission des organisations non gouvernementales, qui est compos\u00e9e de 19 \u00c9tats membres.<\/div>\n<div style=\"text-align: justify;\" data-ogsc=\"rgb(0, 0, 0)\">\u00a0<\/div>    <\/div>\n<\/div>\n<!-- \/module text --><!-- module buttons -->\n<div  class=\"module module-buttons tb_f23c759 buttons-horizontal solid   rounded\" data-lazy=\"1\">\n        <div class=\"module-buttons-item tf_in_flx\">\n                        <a href=\"https:\/\/www.cfjustice.org\/wp-content\/uploads\/2024\/11\/CFJ-Methodology.pdf\" class=\"ui builder_button tf_in_flx tb_default_color\" target=\"_blank\" rel=\"noopener\">\n                                    <em><svg  class=\"tf_fa tf-fas-external-link-alt\" xmlns:xlink=\"http:\/\/www.w3.org\/1999\/xlink\" aria-hidden=\"true\"><use href=\"#tf-fas-external-link-alt\" xlink:href=\"#tf-fas-external-link-alt\"><\/use><\/svg><\/em>                                        CFJ METHODOLOGY                                        <\/a>\n                <\/div>\n            <\/div>\n<!-- \/module buttons -->\n        <\/div>\n                    <div  data-lazy=\"1\" class=\"module_column sub_column tb_13wf5 last\">\n                    <!-- module image -->\n<div  class=\"module module-image tb_duxz5 image-top   tf_mw\" data-lazy=\"1\">\n        <div class=\"image-wrap tf_rel tf_mw\">\n            <img loading=\"lazy\" decoding=\"async\" src=\"https:\/\/www.cfjustice.org\/wp-content\/uploads\/2025\/01\/about-us-560x560.webp\" width=\"560\" height=\"560\" class=\"wp-post-image wp-image-45734\" title=\"about us\" alt=\"about us\" srcset=\"https:\/\/www.cfjustice.org\/wp-content\/uploads\/2025\/01\/about-us-560x560.webp 560w, https:\/\/www.cfjustice.org\/wp-content\/uploads\/2025\/01\/about-us-300x300.webp 300w, https:\/\/www.cfjustice.org\/wp-content\/uploads\/2025\/01\/about-us-1024x1024.webp 1024w, https:\/\/www.cfjustice.org\/wp-content\/uploads\/2025\/01\/about-us-150x150.webp 150w, https:\/\/www.cfjustice.org\/wp-content\/uploads\/2025\/01\/about-us-768x768.webp 768w, https:\/\/www.cfjustice.org\/wp-content\/uploads\/2025\/01\/about-us-1536x1536.webp 1536w, https:\/\/www.cfjustice.org\/wp-content\/uploads\/2025\/01\/about-us.webp 1829w\" sizes=\"auto, (max-width: 560px) 100vw, 560px\" \/>    \n        <\/div>\n    <!-- \/image-wrap -->\n    \n        <\/div>\n<!-- \/module image -->        <\/div>\n                    <\/div>\n                <\/div>\n                        <\/div>\n        <\/div>\n                        <div  data-css_id=\"10v628\" data-lazy=\"1\" class=\"module_row themify_builder_row fullwidth_row_container tb_10v628 tf_w\">\n                        <div class=\"row_inner col_align_top tb_col_count_1 tf_box tf_rel\">\n                        <div  data-lazy=\"1\" class=\"module_column tb-column col-full tb_xz5828 first\">\n                            <div  data-lazy=\"1\" class=\"module_subrow themify_builder_sub_row tf_w col_align_top tb_col_count_2 tb_huj528\">\n                <div  data-lazy=\"1\" class=\"module_column sub_column tb_cuq228 first\">\n                    <!-- module text -->\n<div  class=\"module module-text tb_8d63708   \" data-lazy=\"1\">\n        <div  class=\"tb_text_wrap\">\n        <h2><span style=\"color: #0047bb;\">Vision:<\/span><\/h2><p>Creating a supportive environment that empowers victims of human rights violations to seek accountability and reparation, and to deter future violations.<\/p>    <\/div>\n<\/div>\n<!-- \/module text -->        <\/div>\n                    <div  data-lazy=\"1\" class=\"module_column sub_column tb_zlbm28 last\">\n                    <!-- module text -->\n<div  class=\"module module-text tb_w0dn631   \" data-lazy=\"1\">\n        <div  class=\"tb_text_wrap\">\n        <h2><span style=\"color: #0047bb;\">Mission:<\/span><\/h2><p>Developing and implementing effective mechanisms that protect and defend the victims of human rights violations, through providing them with direct and indirect forms of support, in addition to working in accordance with the mechanisms of dealing with the past; in order to be able to support a future transitional justice phase.<\/p>    <\/div>\n<\/div>\n<!-- \/module text -->        <\/div>\n                    <\/div>\n                <div  data-lazy=\"1\" class=\"module_subrow themify_builder_sub_row tf_w col_align_top tb_col_count_1 tb_sd4g28\">\n                <div  data-lazy=\"1\" class=\"module_column sub_column col-full tb_8h0a28 first\">\n                    <!-- module divider -->\n<div  class=\"module tf_mw module-divider tb_y6l728 dashed   \" style=\"border-width: 9px;border-color: #f3f3f3;margin-top: 50px;margin-bottom: 50px;\" data-lazy=\"1\">\n    <\/div>\n<!-- \/module divider -->\n        <\/div>\n                    <\/div>\n                <div  data-lazy=\"1\" class=\"module_subrow themify_builder_sub_row tf_w col_align_middle tb_col_count_2 tb_c1yx28\">\n                <div  data-lazy=\"1\" class=\"module_column sub_column tb_f8c528 first\">\n                    <!-- module image -->\n<div  class=\"module module-image tb_e6wq28 image-top rounded  tf_mw\" data-lazy=\"1\">\n        <div class=\"image-wrap tf_rel tf_mw\">\n            <img loading=\"lazy\" decoding=\"async\" src=\"https:\/\/www.cfjustice.org\/wp-content\/uploads\/2023\/04\/Strategic-goals-1024x1024-560x560.png\" width=\"560\" height=\"560\" class=\"wp-post-image wp-image-31824\" title=\"Strategic goals\" alt=\"Strategic goals\" srcset=\"https:\/\/www.cfjustice.org\/wp-content\/uploads\/2023\/04\/Strategic-goals-1024x1024-560x560.png 560w, https:\/\/www.cfjustice.org\/wp-content\/uploads\/2023\/04\/Strategic-goals-300x300.png 300w, https:\/\/www.cfjustice.org\/wp-content\/uploads\/2023\/04\/Strategic-goals-1024x1024.png 1024w, https:\/\/www.cfjustice.org\/wp-content\/uploads\/2023\/04\/Strategic-goals-150x150.png 150w, https:\/\/www.cfjustice.org\/wp-content\/uploads\/2023\/04\/Strategic-goals-768x769.png 768w, https:\/\/www.cfjustice.org\/wp-content\/uploads\/2023\/04\/Strategic-goals.png 1200w\" sizes=\"auto, (max-width: 560px) 100vw, 560px\" \/>    \n        <\/div>\n    <!-- \/image-wrap -->\n    \n        <\/div>\n<!-- \/module image -->        <\/div>\n                    <div  data-lazy=\"1\" class=\"module_column sub_column tb_va5v28 last\">\n                    <!-- module text -->\n<div  class=\"module module-text tb_zw9l700   \" data-lazy=\"1\">\n        <div  class=\"tb_text_wrap\">\n        <h2>Strategic goals:<\/h2><p>The objectives were rephrased in view of the CFJ three core objectives:<\/p><div><ul><li>Protecting and defending human rights victims on the long-term through implementing mechanisms for dealing with the past to serve the transitional justice phase.<\/li><li>Supporting human rights victims over a short period of time.<\/li><li>Supporting and empowering human rights defenders to operate safely and professionally.<\/li><\/ul><\/div>    <\/div>\n<\/div>\n<!-- \/module text -->        <\/div>\n                    <\/div>\n                <\/div>\n                        <\/div>\n        <\/div>\n        <\/div>\n<!--\/themify_builder_content-->","protected":false},"excerpt":{"rendered":"<p>Qui sommes-nous Committee for Justice (CFJ) est une association ind\u00e9pendante d\u00e9di\u00e9e \u00e0 la d\u00e9fense des droits de l&rsquo;homme, bas\u00e9e \u00e0 Gen\u00e8ve, en Suisse. \u00c9tabli en 2015 par un groupe diversifi\u00e9 [&hellip;]<\/p>\n","protected":false},"author":961,"featured_media":0,"parent":0,"menu_order":0,"comment_status":"closed","ping_status":"closed","template":"","meta":{"_monsterinsights_skip_tracking":false,"_monsterinsights_sitenote_active":false,"_monsterinsights_sitenote_note":"","_monsterinsights_sitenote_category":0,"_price":"","_stock":"","_tribe_ticket_header":"","_tribe_default_ticket_provider":"","_tribe_ticket_capacity":"0","_ticket_start_date":"","_ticket_end_date":"","_tribe_ticket_show_description":"","_tribe_ticket_show_not_going":false,"_tribe_ticket_use_global_stock":"","_tribe_ticket_global_stock_level":"","_global_stock_mode":"","_global_stock_cap":"","_tribe_rsvp_for_event":"","_tribe_ticket_going_count":"","_tribe_ticket_not_going_count":"","_tribe_tickets_list":"[]","_tribe_ticket_has_attendee_info_fields":false,"footnotes":"","_tec_slr_enabled":"","_tec_slr_layout":""},"countries":[],"cases":[],"writer":[],"coalitions":[],"class_list":["post-43813","page","type-page","status-publish","hentry","has-post-title","has-post-date","has-post-category","has-post-tag","has-post-comment","has-post-author",""],"yoast_head":"<!-- This site is optimized with the Yoast SEO plugin v27.3 - https:\/\/yoast.com\/product\/yoast-seo-wordpress\/ -->\n<title>Committee for Justice - Committee for Justice<\/title>\n<meta name=\"description\" content=\"Committee for Justice (CFJ) est une association ind\u00e9pendante d\u00e9di\u00e9e \u00e0 la d\u00e9fense des droits de l&#039;homme, bas\u00e9e \u00e0 Gen\u00e8ve, en Suisse. \u00c9tabli en 2015.\" \/>\n<meta name=\"robots\" content=\"index, follow, max-snippet:-1, max-image-preview:large, max-video-preview:-1\" \/>\n<link rel=\"canonical\" href=\"https:\/\/www.cfjustice.org\/fr\/qui-sommes-nous\/\" \/>\n<meta property=\"og:locale\" content=\"fr_FR\" \/>\n<meta property=\"og:type\" content=\"article\" \/>\n<meta property=\"og:title\" content=\"Committee for Justice - Committee for Justice\" \/>\n<meta property=\"og:description\" content=\"Committee for Justice (CFJ) est une association ind\u00e9pendante d\u00e9di\u00e9e \u00e0 la d\u00e9fense des droits de l&#039;homme, bas\u00e9e \u00e0 Gen\u00e8ve, en Suisse. \u00c9tabli en 2015.\" \/>\n<meta property=\"og:url\" content=\"https:\/\/www.cfjustice.org\/fr\/qui-sommes-nous\/\" \/>\n<meta property=\"og:site_name\" content=\"Committee for Justice\" \/>\n<meta property=\"article:publisher\" content=\"https:\/\/www.facebook.com\/cfjusticeorg\" \/>\n<meta property=\"article:modified_time\" content=\"2025-01-19T10:57:49+00:00\" \/>\n<meta property=\"og:image\" content=\"https:\/\/www.cfjustice.org\/wp-content\/uploads\/2025\/01\/about-us-560x560.webp\" \/>\n<meta name=\"twitter:card\" content=\"summary_large_image\" \/>\n<meta name=\"twitter:site\" content=\"@cfjusticeorg\" \/>\n<meta name=\"twitter:label1\" content=\"Dur\u00e9e de lecture estim\u00e9e\" \/>\n\t<meta name=\"twitter:data1\" content=\"2 minutes\" \/>\n<script type=\"application\/ld+json\" class=\"yoast-schema-graph\">{\"@context\":\"https:\\\/\\\/schema.org\",\"@graph\":[{\"@type\":\"WebPage\",\"@id\":\"https:\\\/\\\/www.cfjustice.org\\\/fr\\\/qui-sommes-nous\\\/\",\"url\":\"https:\\\/\\\/www.cfjustice.org\\\/fr\\\/qui-sommes-nous\\\/\",\"name\":\"Committee for Justice - Committee for Justice\",\"isPartOf\":{\"@id\":\"https:\\\/\\\/www.cfjustice.org\\\/fr\\\/#website\"},\"primaryImageOfPage\":{\"@id\":\"https:\\\/\\\/www.cfjustice.org\\\/fr\\\/qui-sommes-nous\\\/#primaryimage\"},\"image\":{\"@id\":\"https:\\\/\\\/www.cfjustice.org\\\/fr\\\/qui-sommes-nous\\\/#primaryimage\"},\"thumbnailUrl\":\"https:\\\/\\\/www.cfjustice.org\\\/wp-content\\\/uploads\\\/2025\\\/01\\\/about-us-560x560.webp\",\"datePublished\":\"2024-11-10T15:57:28+00:00\",\"dateModified\":\"2025-01-19T10:57:49+00:00\",\"description\":\"Committee for Justice (CFJ) est une association ind\u00e9pendante d\u00e9di\u00e9e \u00e0 la d\u00e9fense des droits de l'homme, bas\u00e9e \u00e0 Gen\u00e8ve, en Suisse. \u00c9tabli en 2015.\",\"breadcrumb\":{\"@id\":\"https:\\\/\\\/www.cfjustice.org\\\/fr\\\/qui-sommes-nous\\\/#breadcrumb\"},\"inLanguage\":\"fr-FR\",\"potentialAction\":[{\"@type\":\"ReadAction\",\"target\":[\"https:\\\/\\\/www.cfjustice.org\\\/fr\\\/qui-sommes-nous\\\/\"]}]},{\"@type\":\"ImageObject\",\"inLanguage\":\"fr-FR\",\"@id\":\"https:\\\/\\\/www.cfjustice.org\\\/fr\\\/qui-sommes-nous\\\/#primaryimage\",\"url\":\"https:\\\/\\\/www.cfjustice.org\\\/wp-content\\\/uploads\\\/2025\\\/01\\\/about-us-560x560.webp\",\"contentUrl\":\"https:\\\/\\\/www.cfjustice.org\\\/wp-content\\\/uploads\\\/2025\\\/01\\\/about-us-560x560.webp\"},{\"@type\":\"BreadcrumbList\",\"@id\":\"https:\\\/\\\/www.cfjustice.org\\\/fr\\\/qui-sommes-nous\\\/#breadcrumb\",\"itemListElement\":[{\"@type\":\"ListItem\",\"position\":1,\"name\":\"Home\",\"item\":\"https:\\\/\\\/www.cfjustice.org\\\/fr\\\/\"},{\"@type\":\"ListItem\",\"position\":2,\"name\":\"Qui sommes-nous\"}]},{\"@type\":\"WebSite\",\"@id\":\"https:\\\/\\\/www.cfjustice.org\\\/fr\\\/#website\",\"url\":\"https:\\\/\\\/www.cfjustice.org\\\/fr\\\/\",\"name\":\"Committee for Justice\",\"description\":\"We are working to achieve justice\",\"publisher\":{\"@id\":\"https:\\\/\\\/www.cfjustice.org\\\/fr\\\/#organization\"},\"alternateName\":\"CFJ\",\"potentialAction\":[{\"@type\":\"SearchAction\",\"target\":{\"@type\":\"EntryPoint\",\"urlTemplate\":\"https:\\\/\\\/www.cfjustice.org\\\/fr\\\/?s={search_term_string}\"},\"query-input\":{\"@type\":\"PropertyValueSpecification\",\"valueRequired\":true,\"valueName\":\"search_term_string\"}}],\"inLanguage\":\"fr-FR\"},{\"@type\":\"Organization\",\"@id\":\"https:\\\/\\\/www.cfjustice.org\\\/fr\\\/#organization\",\"name\":\"Committee for Justice\",\"url\":\"https:\\\/\\\/www.cfjustice.org\\\/fr\\\/\",\"logo\":{\"@type\":\"ImageObject\",\"inLanguage\":\"fr-FR\",\"@id\":\"https:\\\/\\\/www.cfjustice.org\\\/fr\\\/#\\\/schema\\\/logo\\\/image\\\/\",\"url\":\"https:\\\/\\\/www.cfjustice.org\\\/wp-content\\\/uploads\\\/2023\\\/10\\\/logo-1.svg\",\"contentUrl\":\"https:\\\/\\\/www.cfjustice.org\\\/wp-content\\\/uploads\\\/2023\\\/10\\\/logo-1.svg\",\"width\":1,\"height\":1,\"caption\":\"Committee for Justice\"},\"image\":{\"@id\":\"https:\\\/\\\/www.cfjustice.org\\\/fr\\\/#\\\/schema\\\/logo\\\/image\\\/\"},\"sameAs\":[\"https:\\\/\\\/www.facebook.com\\\/cfjusticeorg\",\"https:\\\/\\\/x.com\\\/cfjusticeorg\",\"https:\\\/\\\/www.linkedin.com\\\/company\\\/cfjustice\\\/\",\"https:\\\/\\\/www.youtube.com\\\/channel\\\/UCQdBw5-F5Z80xtts8UqRRqQ\",\"https:\\\/\\\/www.instagram.com\\\/cfjusticeorg\"]}]}<\/script>\n<!-- \/ Yoast SEO plugin. -->","yoast_head_json":{"title":"Committee for Justice - Committee for Justice","description":"Committee for Justice (CFJ) est une association ind\u00e9pendante d\u00e9di\u00e9e \u00e0 la d\u00e9fense des droits de l'homme, bas\u00e9e \u00e0 Gen\u00e8ve, en Suisse. \u00c9tabli en 2015.","robots":{"index":"index","follow":"follow","max-snippet":"max-snippet:-1","max-image-preview":"max-image-preview:large","max-video-preview":"max-video-preview:-1"},"canonical":"https:\/\/www.cfjustice.org\/fr\/qui-sommes-nous\/","og_locale":"fr_FR","og_type":"article","og_title":"Committee for Justice - Committee for Justice","og_description":"Committee for Justice (CFJ) est une association ind\u00e9pendante d\u00e9di\u00e9e \u00e0 la d\u00e9fense des droits de l'homme, bas\u00e9e \u00e0 Gen\u00e8ve, en Suisse. \u00c9tabli en 2015.","og_url":"https:\/\/www.cfjustice.org\/fr\/qui-sommes-nous\/","og_site_name":"Committee for Justice","article_publisher":"https:\/\/www.facebook.com\/cfjusticeorg","article_modified_time":"2025-01-19T10:57:49+00:00","og_image":[{"url":"https:\/\/www.cfjustice.org\/wp-content\/uploads\/2025\/01\/about-us-560x560.webp","type":"","width":"","height":""}],"twitter_card":"summary_large_image","twitter_site":"@cfjusticeorg","twitter_misc":{"Dur\u00e9e de lecture estim\u00e9e":"2 minutes"},"schema":{"@context":"https:\/\/schema.org","@graph":[{"@type":"WebPage","@id":"https:\/\/www.cfjustice.org\/fr\/qui-sommes-nous\/","url":"https:\/\/www.cfjustice.org\/fr\/qui-sommes-nous\/","name":"Committee for Justice - Committee for Justice","isPartOf":{"@id":"https:\/\/www.cfjustice.org\/fr\/#website"},"primaryImageOfPage":{"@id":"https:\/\/www.cfjustice.org\/fr\/qui-sommes-nous\/#primaryimage"},"image":{"@id":"https:\/\/www.cfjustice.org\/fr\/qui-sommes-nous\/#primaryimage"},"thumbnailUrl":"https:\/\/www.cfjustice.org\/wp-content\/uploads\/2025\/01\/about-us-560x560.webp","datePublished":"2024-11-10T15:57:28+00:00","dateModified":"2025-01-19T10:57:49+00:00","description":"Committee for Justice (CFJ) est une association ind\u00e9pendante d\u00e9di\u00e9e \u00e0 la d\u00e9fense des droits de l'homme, bas\u00e9e \u00e0 Gen\u00e8ve, en Suisse. \u00c9tabli en 2015.","breadcrumb":{"@id":"https:\/\/www.cfjustice.org\/fr\/qui-sommes-nous\/#breadcrumb"},"inLanguage":"fr-FR","potentialAction":[{"@type":"ReadAction","target":["https:\/\/www.cfjustice.org\/fr\/qui-sommes-nous\/"]}]},{"@type":"ImageObject","inLanguage":"fr-FR","@id":"https:\/\/www.cfjustice.org\/fr\/qui-sommes-nous\/#primaryimage","url":"https:\/\/www.cfjustice.org\/wp-content\/uploads\/2025\/01\/about-us-560x560.webp","contentUrl":"https:\/\/www.cfjustice.org\/wp-content\/uploads\/2025\/01\/about-us-560x560.webp"},{"@type":"BreadcrumbList","@id":"https:\/\/www.cfjustice.org\/fr\/qui-sommes-nous\/#breadcrumb","itemListElement":[{"@type":"ListItem","position":1,"name":"Home","item":"https:\/\/www.cfjustice.org\/fr\/"},{"@type":"ListItem","position":2,"name":"Qui sommes-nous"}]},{"@type":"WebSite","@id":"https:\/\/www.cfjustice.org\/fr\/#website","url":"https:\/\/www.cfjustice.org\/fr\/","name":"Committee for Justice","description":"We are working to achieve justice","publisher":{"@id":"https:\/\/www.cfjustice.org\/fr\/#organization"},"alternateName":"CFJ","potentialAction":[{"@type":"SearchAction","target":{"@type":"EntryPoint","urlTemplate":"https:\/\/www.cfjustice.org\/fr\/?s={search_term_string}"},"query-input":{"@type":"PropertyValueSpecification","valueRequired":true,"valueName":"search_term_string"}}],"inLanguage":"fr-FR"},{"@type":"Organization","@id":"https:\/\/www.cfjustice.org\/fr\/#organization","name":"Committee for Justice","url":"https:\/\/www.cfjustice.org\/fr\/","logo":{"@type":"ImageObject","inLanguage":"fr-FR","@id":"https:\/\/www.cfjustice.org\/fr\/#\/schema\/logo\/image\/","url":"https:\/\/www.cfjustice.org\/wp-content\/uploads\/2023\/10\/logo-1.svg","contentUrl":"https:\/\/www.cfjustice.org\/wp-content\/uploads\/2023\/10\/logo-1.svg","width":1,"height":1,"caption":"Committee for Justice"},"image":{"@id":"https:\/\/www.cfjustice.org\/fr\/#\/schema\/logo\/image\/"},"sameAs":["https:\/\/www.facebook.com\/cfjusticeorg","https:\/\/x.com\/cfjusticeorg","https:\/\/www.linkedin.com\/company\/cfjustice\/","https:\/\/www.youtube.com\/channel\/UCQdBw5-F5Z80xtts8UqRRqQ","https:\/\/www.instagram.com\/cfjusticeorg"]}]}},"ticketed":false,"_links":{"self":[{"href":"https:\/\/www.cfjustice.org\/fr\/wp-json\/wp\/v2\/pages\/43813","targetHints":{"allow":["GET"]}}],"collection":[{"href":"https:\/\/www.cfjustice.org\/fr\/wp-json\/wp\/v2\/pages"}],"about":[{"href":"https:\/\/www.cfjustice.org\/fr\/wp-json\/wp\/v2\/types\/page"}],"author":[{"embeddable":true,"href":"https:\/\/www.cfjustice.org\/fr\/wp-json\/wp\/v2\/users\/961"}],"replies":[{"embeddable":true,"href":"https:\/\/www.cfjustice.org\/fr\/wp-json\/wp\/v2\/comments?post=43813"}],"version-history":[{"count":6,"href":"https:\/\/www.cfjustice.org\/fr\/wp-json\/wp\/v2\/pages\/43813\/revisions"}],"predecessor-version":[{"id":45741,"href":"https:\/\/www.cfjustice.org\/fr\/wp-json\/wp\/v2\/pages\/43813\/revisions\/45741"}],"wp:attachment":[{"href":"https:\/\/www.cfjustice.org\/fr\/wp-json\/wp\/v2\/media?parent=43813"}],"wp:term":[{"taxonomy":"countries","embeddable":true,"href":"https:\/\/www.cfjustice.org\/fr\/wp-json\/wp\/v2\/countries?post=43813"},{"taxonomy":"cases","embeddable":true,"href":"https:\/\/www.cfjustice.org\/fr\/wp-json\/wp\/v2\/cases?post=43813"},{"taxonomy":"writer","embeddable":true,"href":"https:\/\/www.cfjustice.org\/fr\/wp-json\/wp\/v2\/writer?post=43813"},{"taxonomy":"coalitions","embeddable":true,"href":"https:\/\/www.cfjustice.org\/fr\/wp-json\/wp\/v2\/coalitions?post=43813"}],"curies":[{"name":"wp","href":"https:\/\/api.w.org\/{rel}","templated":true}]}}